{"id":3868,"date":"2023-06-03T17:39:58","date_gmt":"2023-06-03T16:39:58","guid":{"rendered":"https:\/\/theiptvplus.com\/?page_id=3868"},"modified":"2024-03-16T19:42:11","modified_gmt":"2024-03-16T18:42:11","slug":"terms-and-conditions","status":"publish","type":"page","link":"https:\/\/stagingvowel.online\/index.php\/terms-and-conditions\/","title":{"rendered":"TERMES ET CONDITIONS"},"content":{"rendered":"\t\t<div data-elementor-type=\"wp-page\" data-elementor-id=\"3868\" class=\"elementor elementor-3868\" data-elementor-settings=\"{&quot;ha_cmc_init_switcher&quot;:&quot;no&quot;}\">\n\t\t\t\t<div class=\"elementor-element elementor-element-b9cccee e-flex e-con-boxed e-con e-parent\" data-id=\"b9cccee\" data-element_type=\"container\" data-settings=\"{&quot;background_background&quot;:&quot;classic&quot;,&quot;_ha_eqh_enable&quot;:false}\">\n\t\t\t\t\t<div class=\"e-con-inner\">\n\t\t<div class=\"elementor-element elementor-element-1b6b427 e-flex e-con-boxed e-con e-child\" data-id=\"1b6b427\" data-element_type=\"container\" data-settings=\"{&quot;_ha_eqh_enable&quot;:false}\">\n\t\t\t\t\t<div class=\"e-con-inner\">\n\t\t\t\t<div class=\"elementor-element elementor-element-b573417 elementor-widget elementor-widget-heading\" data-id=\"b573417\" data-element_type=\"widget\" data-widget_type=\"heading.default\">\n\t\t\t\t<div class=\"elementor-widget-container\">\n\t\t\t\t\t<h2 class=\"elementor-heading-title elementor-size-default\">IP TV ABONNEMENTS\n<\/h2>\t\t\t\t<\/div>\n\t\t\t\t<\/div>\n\t\t\t\t<div class=\"elementor-element elementor-element-4eca3e4 elementor-widget elementor-widget-heading\" data-id=\"4eca3e4\" data-element_type=\"widget\" data-widget_type=\"heading.default\">\n\t\t\t\t<div class=\"elementor-widget-container\">\n\t\t\t\t\t<h2 class=\"elementor-heading-title elementor-size-default\">TERMES ET CONDITIONS<\/h2>\t\t\t\t<\/div>\n\t\t\t\t<\/div>\n\t\t\t\t<div class=\"elementor-element elementor-element-d064766 elementor-widget elementor-widget-text-editor\" data-id=\"d064766\" data-element_type=\"widget\" data-widget_type=\"text-editor.default\">\n\t\t\t\t<div class=\"elementor-widget-container\">\n\t\t\t\t\t\t\t\t\t<p>Serveur Haute Performance<\/p>\t\t\t\t\t\t\t\t<\/div>\n\t\t\t\t<\/div>\n\t\t\t\t\t<\/div>\n\t\t\t\t<\/div>\n\t\t\t\t\t<\/div>\n\t\t\t\t<\/div>\n\t\t\t\t<section class=\"elementor-section elementor-top-section elementor-element elementor-element-75b0614b elementor-section-boxed elementor-section-height-default elementor-section-height-default\" data-id=\"75b0614b\" data-element_type=\"section\" data-settings=\"{&quot;_ha_eqh_enable&quot;:false}\">\n\t\t\t\t\t\t<div class=\"elementor-container elementor-column-gap-default\">\n\t\t\t\t\t<div class=\"elementor-column elementor-col-100 elementor-top-column elementor-element elementor-element-215ad79f\" data-id=\"215ad79f\" data-element_type=\"column\">\n\t\t\t<div class=\"elementor-widget-wrap elementor-element-populated\">\n\t\t\t\t\t\t<div class=\"elementor-element elementor-element-3b755ff6 elementor-widget elementor-widget-text-editor\" data-id=\"3b755ff6\" data-element_type=\"widget\" data-widget_type=\"text-editor.default\">\n\t\t\t\t<div class=\"elementor-widget-container\">\n\t\t\t\t\t\t\t\t\t<p>En utilisant TVABONNEMENTS.fr, vous acceptez d&#8217;\u00eatre li\u00e9 par tous les termes, conditions et avis contenus ou r\u00e9f\u00e9renc\u00e9s dans les pr\u00e9sentes (les \u201cConditions d&#8217;utilisation\u201d) et la D\u00e9claration de Politique de confidentialit\u00e9 (\u201cPolitique de confidentialit\u00e9\u201d). Nous nous r\u00e9servons le droit de modifier ou d&#8217;interrompre toute fonctionnalit\u00e9 du Site, y compris, mais sans s&#8217;y limiter, les Conditions d&#8217;utilisation, \u00e0 tout moment, en publiant des r\u00e9visions sur le Site. Vous acceptez d&#8217;\u00eatre r\u00e9put\u00e9 inform\u00e9 et li\u00e9 par toute modification des pr\u00e9sentes Conditions g\u00e9n\u00e9rales et votre utilisation continue du Site indique que vous acceptez les conditions r\u00e9vis\u00e9es. Vous acceptez \u00e9galement de consulter ces informations de temps \u00e0 autre, au besoin, pour vous tenir inform\u00e9 de toute r\u00e9vision des Conditions g\u00e9n\u00e9rales. Si vous n&#8217;acceptez pas les termes de la pr\u00e9sente politique ou de toute politique r\u00e9vis\u00e9e, veuillez ne pas vous inscrire en tant qu&#8217;utilisateur ou vous d\u00e9sinscrire en tant qu&#8217;utilisateur et quitter le Site imm\u00e9diatement.<\/p><p>2-Liens vers des Sites et Services tiers<\/p><p>TVABONNEMENTS.fr contient des liens vers et depuis des sites exploit\u00e9s par des tiers. TVABONNEMENTS.fr ne fait aucune d\u00e9claration de quelque nature que ce soit sur le contenu de tiers auquel vous pouvez acc\u00e9der \u00e0 partir du Site ou sur tout site Web \u00e0 partir duquel vous pouvez acc\u00e9der au Site et\/ou qui peut \u00eatre li\u00e9 \u00e0 ce Site. Nous fournissons du contenu et des liens de tiers uniquement \u00e0 titre gracieux \u00e0 nos utilisateurs, et ces liens \/ contenus n&#8217;impliquent pas notre approbation de tout site \/ contenu li\u00e9. Les sites \/ contenus li\u00e9s ne sont pas sous notre influence ou notre contr\u00f4le, et nous ne sommes pas responsables du contenu de tiers ou du contenu de tout site li\u00e9 ou des liens ult\u00e9rieurs de ce site. Notre Politique de confidentialit\u00e9 ne s&#8217;applique que lorsque vous \u00eates sur ce Site. Veuillez consulter les accords d&#8217;utilisation et les politiques de confidentialit\u00e9 du fournisseur et du site li\u00e9, et si vous n&#8217;acceptez pas d&#8217;\u00eatre li\u00e9 par les conditions, nous vous recommandons de mettre fin \u00e0 votre utilisation de ce service ou \u00e0 votre visite sur le site.<\/p><p>3-Propri\u00e9t\u00e9 intellectuelle<\/p><p>Vous reconnaissez que tout le contenu et le mat\u00e9riel disponibles sur ce Site, y compris la s\u00e9lection, la coordination, l&#8217;arrangement et l&#8217;am\u00e9lioration de ce contenu ainsi que du contenu original, sont prot\u00e9g\u00e9s par des droits d&#8217;auteur nationaux et internationaux, des marques de commerce, des marques de service, des brevets, des droits d&#8217;enregistrement de brevets, secrets commerciaux, savoir-faire ou autres droits de propri\u00e9t\u00e9 et lois et sont la propri\u00e9t\u00e9 de TVABONNEMENTS.fr ou nos conc\u00e9dants de licence ou TVABONNEMENTS.fr a obtenu l&#8217;autorisation n\u00e9cessaire du propri\u00e9taire de la propri\u00e9t\u00e9 intellectuelle de ce contenu pour utiliser le contenu de notre Site. Sauf indication contraire, tous les logos, noms, conceptions d&#8217;emballage et marques sur le Site sont des marques commerciales ou des marques de service de, ou utilis\u00e9s sous licence par, TVABONNEMENTS.fr . L&#8217;utilisation ou la mauvaise utilisation de l&#8217;un de ces documents est strictement interdite. TVABONNEMENTS.fr, nos conc\u00e9dants de licence ou associ\u00e9s conservent la propri\u00e9t\u00e9 exclusive de toutes les donn\u00e9es, documents et autres informations concernant votre utilisation du Site.<\/p><p>4-Utilisation licite<\/p><p>Vous acceptez d&#8217;utiliser le Site ou son contenu \u00e0 des fins licites et uniquement de la mani\u00e8re express\u00e9ment autoris\u00e9e dans les pr\u00e9sentes Conditions d&#8217;utilisation et \u00e0 aucune autre fin. Sauf indication contraire, vous pouvez t\u00e9l\u00e9charger, imprimer ou afficher des pages individuelles \u00e0 des fins non commerciales uniquement, \u00e0 condition de ne supprimer ni modifier aucune des informations, y compris les avis de droit d&#8217;auteur ou de marque d\u00e9pos\u00e9e. Sauf autorisation contraire dans les pr\u00e9sentes et comme nous pouvons l&#8217;autoriser express\u00e9ment, vous acceptez de ne pas vendre, conc\u00e9der sous licence, louer, modifier, distribuer, copier, reproduire, transmettre, afficher publiquement, ex\u00e9cuter publiquement, publier, adapter, \u00e9diter ou cr\u00e9er des \u0153uvres d\u00e9riv\u00e9es \u00e0 partir du contenu ou du mat\u00e9riel sur le Site ou autrement exploiter de quelque mani\u00e8re que ce soit le contenu du Site, en tout ou en partie. La r\u00e9cup\u00e9ration syst\u00e9matique de donn\u00e9es ou d&#8217;autres contenus du Site pour cr\u00e9er ou compiler, directement ou indirectement, une collection, une compilation, une base de donn\u00e9es ou un annuaire sous quelque forme que ce soit sans notre autorisation \u00e9crite est strictement interdite. Vous acceptez de ne pas publier ou transmettre via le Site tout mat\u00e9riel qui viole ou enfreint de quelque mani\u00e8re que ce soit les droits d&#8217;autrui, qui est ill\u00e9gal, mena\u00e7ant, abusif, diffamatoire, envahissant la vie priv\u00e9e ou les droits de publicit\u00e9, vulgaire, obsc\u00e8ne, profane ou autrement r\u00e9pr\u00e9hensible, qui encourage une conduite qui constituerait une infraction p\u00e9nale, donnerait lieu \u00e0 une responsabilit\u00e9 civile ou violerait autrement TVABONNEMENTS.fr autorisation pr\u00e9alable expresse, contient de la publicit\u00e9 ou toute sollicitation concernant des produits ou services. Vous acceptez \u00e9galement de ne publier aucun mat\u00e9riel prot\u00e9g\u00e9 par un droit d&#8217;auteur, une marque de commerce ou d&#8217;autres droits de propri\u00e9t\u00e9 sans l&#8217;autorisation expresse du propri\u00e9taire du droit d&#8217;auteur, de la marque de commerce ou d&#8217;autres droits de propri\u00e9t\u00e9 et le fardeau de d\u00e9terminer que tout mat\u00e9riel n&#8217;est pas prot\u00e9g\u00e9 par le droit d&#8217;auteur vous incombe. Toute conduite de votre part qui, \u00e0 notre discr\u00e9tion, restreint ou emp\u00eache tout autre utilisateur d&#8217;utiliser ou de profiter TVABONNEMENTS.fr ne sera pas autoris\u00e9.<\/p><p>5-Octroi de licence de l&#8217;utilisateur<\/p><p>En publiant ou en soumettant du contenu sur le Site, vous accordez TVABONNEMENTS.fr et ses licenci\u00e9s mondiaux le droit d&#8217;utiliser, de reproduire, d&#8217;afficher, d&#8217;ex\u00e9cuter, d&#8217;adapter, de modifier, de distribuer et de promouvoir le contenu sous n&#8217;importe quelle forme, n&#8217;importe o\u00f9 et \u00e0 n&#8217;importe quelle fin. Vous garantissez et d\u00e9clarez \u00e9galement que vous poss\u00e9dez ou contr\u00f4lez autrement tous les droits sur le contenu que vous publiez ou soumettez sur le Site et que notre publication publique et notre utilisation de votre contenu n&#8217;enfreindront ni ne violeront les droits d&#8217;aucun tiers. TVABONNEMENTS.fr se r\u00e9serve le droit de surveiller, de modifier ou de modifier autrement votre publication ou tout autre contenu soumis sur le Site sans votre permission.<\/p><p>EXCLUSION DE GARANTIES<\/p><p>VOUS ACCEPTEZ EXPRESS\u00c9MENT QUE TOUS LES DOCUMENTS, INFORMATIONS, LOGICIELS, PRODUITS ET SERVICES INCLUS OU DISPONIBLES SUR LE SITE (LE &#8220;CONTENU&#8221;) SONT FOURNIS &#8220;TELS QUELS&#8221; ET\u201d TELS QUE DISPONIBLES &#8221; POUR VOTRE UTILISATION ET QUE VOUS UTILISEZ CE SITE ET TOUT CONTENU QUE VOUS CHOISISSEZ DE T\u00c9L\u00c9CHARGER \u00c0 VOS PROPRES RISQUES. TVABONNEMENTS.fr NE GARANTIT EN AUCUNE FA\u00c7ON, EXPRESS\u00c9MENT OU IMPLICITEMENT, Y COMPRIS, MAIS SANS S&#8217;Y LIMITER, LES GARANTIES DE TITRE, DE NON-CONTREFA\u00c7ON OU LES GARANTIES IMPLICITES DE QUALIT\u00c9 MARCHANDE OU D&#8217;AD\u00c9QUATION \u00c0 UN USAGE PARTICULIER OU AUTRE, AUTRES QUE LES GARANTIES QUI NE PEUVENT \u00caTRE EXCLUES, RESTREINTES OU MODIFI\u00c9ES EN VERTU DE LA LOI APPLICABLE. AUCUN DES DEUX TVABONNEMENTS.fr NI SES PARTENAIRES, NI LEURS EMPLOY\u00c9S, DIRIGEANTS, ADMINISTRATEURS, ACTIONNAIRES, AGENTS, CONSULTANTS, ENTREPRENEURS OU CONC\u00c9DANTS DE LICENCE RESPECTIFS, NE GARANTISSENT QUE LE CONTENU DU SITE OU TOUT SERVICE OU MARCHANDISE FOURNI PAR SON INTERM\u00c9DIAIRE EST EXACT, FIABLE OU CORRECT; QUE LE SITE OU TOUT SITE LI\u00c9 SERA DISPONIBLE \u00c0 UN MOMENT OU \u00c0 UN ENDROIT PARTICULIER; QUE TOUT D\u00c9FAUT OU ERREUR SERA CORRIG\u00c9; QUE LE CONTENU EST EXEMPT DE VIRUS OU D&#8217;AUTRES COMPOSANTS NUISIBLES; OU QUE VOUS OBTIENDREZ DES R\u00c9SULTATS POSITIFS EN SUIVANT LES INSTRUCTIONS, INSTRUCTIONS OU RECOMMANDATIONS SUR LE SITE.<\/p><p>6 &#8211; Limitation de responsabilit\u00e9<\/p><p>EN AUCUN CAS TVABONNEMENTS.fr, NI SES PARTENAIRES, ET LEURS EMPLOY\u00c9S, DIRIGEANTS, ADMINISTRATEURS, ACTIONNAIRES, AGENTS, CONSULTANTS, ENTREPRENEURS OU CONC\u00c9DANTS DE LICENCE RESPECTIFS, NE SERONT RESPONSABLES DE TOUT DOMMAGE EN DROIT OU EN \u00c9QUIT\u00c9, Y COMPRIS, SANS LIMITATION, LES DOMMAGES DIRECTS, INDIRECTS, PUNITIFS, ACCESSOIRES, SP\u00c9CIAUX OU CONS\u00c9CUTIFS QUI R\u00c9SULTENT DE L&#8217;UTILISATION OU DE L&#8217;IMPOSSIBILIT\u00c9 D&#8217;UTILISER LE SITE OU DES INFORMATIONS FOURNIES SUR LE SITE OU DE TOUT D\u00c9FAUT D&#8217;EX\u00c9CUTION, ERREUR, OMISSION, INTERRUPTION, SUPPRESSION, D\u00c9FAUT, RETARD DE FONCTIONNEMENT OU DE TRANSMISSION, VIRUS INFORMATIQUE, D\u00c9FAILLANCE DE LA LIGNE DE COMMUNICATION, LE VOL OU LA DESTRUCTION OU L&#8217;ACC\u00c8S NON AUTORIS\u00c9, LA MODIFICATION OU L&#8217;UTILISATION DU DOSSIER, ET LE RISQUE DE TOUTE BLESSURE R\u00c9SULTANT DE CE QUI PR\u00c9C\u00c8DE VOUS INCOMBE ENTI\u00c8REMENT. CETTE LIMITATION S&#8217;APPLIQUE QUE LA RESPONSABILIT\u00c9 ALL\u00c9GU\u00c9E SOIT FOND\u00c9E SUR UN CONTRAT, UN D\u00c9LIT CIVIL, UNE N\u00c9GLIGENCE, UNE RESPONSABILIT\u00c9 STRICTE OU TOUTE AUTRE BASE, Y COMPRIS TOUTE CONDUITE DIFFAMATOIRE, OFFENSANTE OU ILL\u00c9GALE D&#8217;AUTRES UTILISATEURS OU DE TIERS, M\u00caME SI NOUS AVONS \u00c9T\u00c9 INFORM\u00c9S DE LA POSSIBILIT\u00c9 DE TELS DOMMAGES PARCE QUE CERTAINES JURIDICTIONS N&#8217;AUTORISENT PAS L&#8217;EXCLUSION OU LA LIMITATION DES DOMMAGES ACCESSOIRES OU CONS\u00c9CUTIFS. NOTRE RESPONSABILIT\u00c9 DANS CES JURIDICTIONS SERA LIMIT\u00c9E DANS LA MESURE PERMISE PAR LA LOI.<\/p><p>7-Indemnisation<\/p><p>Vous acceptez de d\u00e9fendre, d&#8217;indemniser et de tenir TVABONNEMENTS.fr et ses partenaires et leurs employ\u00e9s, dirigeants, administrateurs, actionnaires, agents, consultants et licenci\u00e9s respectifs inoffensifs de et contre toutes responsabilit\u00e9s, r\u00e9clamations et d\u00e9penses, y compris les honoraires d&#8217;avocat, qui d\u00e9coulent de votre utilisation ou mauvaise utilisation du Site ou de son Contenu, y compris, sans limitation, votre violation des Conditions d&#8217;utilisation des pr\u00e9sentes. Nous nous r\u00e9servons le droit, \u00e0 nos frais, d&#8217;assumer la d\u00e9fense et le contr\u00f4le exclusifs de toute question autrement sujette \u00e0 indemnisation de votre part, auquel cas vous coop\u00e9rerez avec nous pour faire valoir toutes les d\u00e9fenses disponibles.<\/p><p>8-Surveillance du contenu<\/p><p>TVABONNEMENTS.fr aura le droit, mais non l&#8217;obligation, de surveiller le contenu du Site, y compris les forums de discussion et les forums, afin de d\u00e9terminer le respect du pr\u00e9sent Contrat et de toute r\u00e8gle de fonctionnement \u00e9tablie par TVABONNEMENTS.fr et pour satisfaire \u00e0 toute loi, r\u00e9glementation ou demande gouvernementale autoris\u00e9e. TVABONNEMENTS.fr aura le droit, \u00e0 sa seule discr\u00e9tion, de modifier, de refuser de publier ou de supprimer tout mat\u00e9riel soumis ou publi\u00e9 sur le Site sans votre permission. Sans limiter ce qui pr\u00e9c\u00e8de, TVABONNEMENTS.fr aura le droit de supprimer tout mat\u00e9riel que nous jugeons, \u00e0 notre seule discr\u00e9tion, en violation des dispositions des pr\u00e9sentes ou autrement r\u00e9pr\u00e9hensible. Nonobstant ce qui pr\u00e9c\u00e8de, TVABONNEMENTS.fr n&#8217;est pas responsable du contenu que vous ou tout utilisateur publiez sur un forum du Site et votre confiance dans un tel contenu est uniquement \u00e0 vos risques et p\u00e9rils. Utilisation internationale.<\/p><p>9-Lois locales<\/p><p>En choisissant d&#8217;acc\u00e9der au Site \u00e0 partir de n&#8217;importe quel endroit autre que le Panama, vous acceptez l&#8217;enti\u00e8re responsabilit\u00e9 du respect de toutes les lois locales applicables. TVABONNEMENTS.fr ne fait aucune d\u00e9claration selon laquelle les documents sur le Site sont appropri\u00e9s ou disponibles pour une utilisation dans des endroits en dehors du Panama, et leur acc\u00e8s \u00e0 partir de territoires o\u00f9 leur contenu est ill\u00e9gal est interdit.<\/p><p>10-Pr\u00e9cautions de s\u00e9curit\u00e9<\/p><p>Les services et informations fournis sont prot\u00e9g\u00e9s \u00e0 l&#8217;aide de pr\u00e9cautions de s\u00e9curit\u00e9 standard de l&#8217;industrie. Il vous appartient de bien comprendre les risques et les menaces li\u00e9s \u00e0 l&#8217;utilisation de l&#8217;Internet public et d&#8217;\u00eatre suffisamment conscient de ces risques pour prot\u00e9ger ad\u00e9quatement vos informations confidentielles. TVABONNEMENTS.fr fournit des informations sur la s\u00e9curit\u00e9 et la confidentialit\u00e9 dans notre Politique de confidentialit\u00e9. Ce document est fourni \u00e0 titre indicatif uniquement, et il appartient \u00e0 l&#8217;utilisateur de rester \u00e0 jour et de faire preuve de prudence lors de l&#8217;utilisation d&#8217;Internet. Vous devriez demander conseil \u00e0 un professionnel sur la protection de votre vie priv\u00e9e et l&#8217;\u00e9valuation de la s\u00e9curit\u00e9 des syst\u00e8mes d&#8217;information que vous utilisez.<\/p><p>11 &#8211; Choix de la loi applicable<\/p><p>Le pr\u00e9sent Accord doit \u00eatre interpr\u00e9t\u00e9 conform\u00e9ment aux lois du Panama et aux lois f\u00e9d\u00e9rales du Panama qui y sont applicables, sans \u00e9gard \u00e0 ses r\u00e8gles de conflit de lois. Vous acceptez express\u00e9ment que toute r\u00e9clamation ou action d\u00e9coulant de ou li\u00e9e aux pr\u00e9sentes Conditions d&#8217;utilisation ou \u00e0 votre utilisation du Site ne soit d\u00e9pos\u00e9e que devant les tribunaux du Panama ou la Cour f\u00e9d\u00e9rale du Panama, le cas \u00e9ch\u00e9ant, et vous acceptez en outre et vous soumettez \u00e0 l&#8217;exercice de la comp\u00e9tence personnelle de ces tribunaux dans le but de plaider une telle r\u00e9clamation ou action.<\/p><p>12-Int\u00e9gration et divisibilit\u00e9<\/p><p>Les pr\u00e9sentes Conditions d&#8217;utilisation et notre Politique de confidentialit\u00e9 constituent l&#8217;int\u00e9gralit\u00e9 de l&#8217;accord entre TVABONNEMENTS.fr et vous en ce qui concerne le Site et remplace toutes les communications et propositions ant\u00e9rieures ou contemporaines entre nous en ce qui concerne le Site. Si une disposition des pr\u00e9sentes Conditions d&#8217;utilisation est jug\u00e9e invalide ou inapplicable, toutes les autres dispositions resteront pleinement en vigueur. Les en-t\u00eates de section utilis\u00e9s ici sont uniquement pour des raisons de commodit\u00e9 et ne doivent avoir aucune signification l\u00e9gale.<\/p><p>13-Utilisation non autoris\u00e9e et r\u00e9siliation<\/p><p>Vous acceptez d&#8217;utiliser le Site uniquement pour des activit\u00e9s autoris\u00e9es et l\u00e9gales. TVABONNEMENTS.fr se r\u00e9serve le droit, \u00e0 notre seule discr\u00e9tion, de r\u00e9silier votre acc\u00e8s \u00e0 tout ou partie du Site, avec ou sans pr\u00e9avis et pour quelque raison que ce soit.<\/p><p>14-Confidentialit\u00e9 et divulgation<\/p><p>Vous avez lu et accept\u00e9 les termes de notre Politique de confidentialit\u00e9.<\/p>\t\t\t\t\t\t\t\t<\/div>\n\t\t\t\t<\/div>\n\t\t\t\t\t<\/div>\n\t\t<\/div>\n\t\t\t\t\t<\/div>\n\t\t<\/section>\n\t\t<div class=\"elementor-element elementor-element-9c1e3f0 e-flex e-con-boxed e-con e-parent\" data-id=\"9c1e3f0\" data-element_type=\"container\" data-settings=\"{&quot;background_background&quot;:&quot;classic&quot;,&quot;_ha_eqh_enable&quot;:false}\">\n\t\t\t\t\t<div class=\"e-con-inner\">\n\t\t<div class=\"elementor-element elementor-element-f0e71f5 e-flex e-con-boxed e-con e-child\" data-id=\"f0e71f5\" data-element_type=\"container\" data-settings=\"{&quot;background_background&quot;:&quot;gradient&quot;,&quot;_ha_eqh_enable&quot;:false}\">\n\t\t\t\t\t<div class=\"e-con-inner\">\n\t\t<div class=\"elementor-element elementor-element-7c18dd7 e-con-full e-flex e-con e-child\" data-id=\"7c18dd7\" data-element_type=\"container\" data-settings=\"{&quot;_ha_eqh_enable&quot;:false}\">\n\t\t\t\t<div class=\"elementor-element elementor-element-ef9f16c elementor-widget elementor-widget-heading\" data-id=\"ef9f16c\" data-element_type=\"widget\" data-widget_type=\"heading.default\">\n\t\t\t\t<div class=\"elementor-widget-container\">\n\t\t\t\t\t<h2 class=\"elementor-heading-title elementor-size-default\">Infolettre<\/h2>\t\t\t\t<\/div>\n\t\t\t\t<\/div>\n\t\t\t\t<div class=\"elementor-element elementor-element-3874675 elementor-widget elementor-widget-text-editor\" data-id=\"3874675\" data-element_type=\"widget\" data-widget_type=\"text-editor.default\">\n\t\t\t\t<div class=\"elementor-widget-container\">\n\t\t\t\t\t\t\t\t\t<p>Inscrivez-vous \u00e0 notre newsletter pour obtenir des informations \u00e0 jour, des nouvelles, des informations ou des promotions.<\/p>\t\t\t\t\t\t\t\t<\/div>\n\t\t\t\t<\/div>\n\t\t\t\t<\/div>\n\t\t<div class=\"elementor-element elementor-element-0ad27bb e-con-full e-flex e-con e-child\" data-id=\"0ad27bb\" data-element_type=\"container\" data-settings=\"{&quot;_ha_eqh_enable&quot;:false}\">\n\t\t\t\t<div class=\"elementor-element elementor-element-b19d210 elementor-widget elementor-widget-wpforms\" data-id=\"b19d210\" data-element_type=\"widget\" data-widget_type=\"wpforms.default\">\n\t\t\t\t<div class=\"elementor-widget-container\">\n\t\t\t\t\t<div class=\"wpforms-container wpforms-render-modern\" id=\"wpforms-4811\"><form id=\"wpforms-form-4811\" class=\"wpforms-validate wpforms-form wpforms-ajax-form\" data-formid=\"4811\" method=\"post\" enctype=\"multipart\/form-data\" action=\"\/index.php\/wp-json\/wp\/v2\/pages\/3868\" data-token=\"e8b0ae3123f8b6a5f2620f8d9d521ccc\" data-token-time=\"1776592087\"><noscript class=\"wpforms-error-noscript\">Please enable JavaScript in your browser to complete this form.<\/noscript><div id=\"wpforms-error-noscript\" style=\"display: none;\">Please enable JavaScript in your browser to complete this form.<\/div><div class=\"wpforms-field-container\"><div id=\"wpforms-4811-field_1-container\" class=\"wpforms-field wpforms-field-email\" data-field-id=\"1\"><label class=\"wpforms-field-label wpforms-label-hide\" for=\"wpforms-4811-field_1\" aria-hidden=\"false\">Email<\/label><input type=\"email\" id=\"wpforms-4811-field_1\" class=\"wpforms-field-large\" name=\"wpforms[fields][1]\" placeholder=\"Email\" spellcheck=\"false\" aria-errormessage=\"wpforms-4811-field_1-error\" ><\/div><\/div><!-- .wpforms-field-container --><div class=\"wpforms-submit-container\" ><input type=\"hidden\" name=\"wpforms[id]\" value=\"4811\"><input type=\"hidden\" name=\"page_title\" value=\"\"><input type=\"hidden\" name=\"page_url\" value=\"https:\/\/stagingvowel.online\/index.php\/wp-json\/wp\/v2\/pages\/3868\"><input type=\"hidden\" name=\"url_referer\" value=\"\"><button type=\"submit\" name=\"wpforms[submit]\" id=\"wpforms-submit-4811\" class=\"wpforms-submit\" data-alt-text=\"Sending\u2026\" data-submit-text=\" Sign Up\" aria-live=\"assertive\" value=\"wpforms-submit\"> Sign Up<\/button><img decoding=\"async\" src=\"https:\/\/stagingvowel.online\/wp-content\/plugins\/wpforms-lite\/assets\/images\/submit-spin.svg\" class=\"wpforms-submit-spinner\" style=\"display: none;\" width=\"26\" height=\"26\" alt=\"Loading\"><\/div><\/form><\/div>  <!-- .wpforms-container -->\t\t\t\t<\/div>\n\t\t\t\t<\/div>\n\t\t\t\t<\/div>\n\t\t\t\t\t<\/div>\n\t\t\t\t<\/div>\n\t\t\t\t\t<\/div>\n\t\t\t\t<\/div>\n\t\t\t\t<\/div>\n\t\t","protected":false},"excerpt":{"rendered":"<p>IP TV ABONNEMENTS TERMES ET CONDITIONS Serveur Haute Performance En utilisant TVABONNEMENTS.fr, vous acceptez d&#8217;\u00eatre li\u00e9 par tous les termes, conditions et avis contenus ou r\u00e9f\u00e9renc\u00e9s dans les pr\u00e9sentes (les \u201cConditions d&#8217;utilisation\u201d) et la D\u00e9claration de Politique de confidentialit\u00e9 (\u201cPolitique de confidentialit\u00e9\u201d). Nous nous r\u00e9servons le droit de modifier ou d&#8217;interrompre toute fonctionnalit\u00e9 du Site, [&hellip;]<\/p>\n","protected":false},"author":1,"featured_media":0,"parent":0,"menu_order":0,"comment_status":"closed","ping_status":"closed","template":"elementor_header_footer","meta":{"_surecart_dashboard_logo_width":"180px","_surecart_dashboard_show_logo":true,"_surecart_dashboard_navigation_orders":true,"_surecart_dashboard_navigation_invoices":true,"_surecart_dashboard_navigation_subscriptions":true,"_surecart_dashboard_navigation_downloads":true,"_surecart_dashboard_navigation_billing":true,"_surecart_dashboard_navigation_account":true,"footnotes":""},"class_list":["post-3868","page","type-page","status-publish","hentry"],"blocksy_meta":[],"_links":{"self":[{"href":"https:\/\/stagingvowel.online\/index.php\/wp-json\/wp\/v2\/pages\/3868","targetHints":{"allow":["GET"]}}],"collection":[{"href":"https:\/\/stagingvowel.online\/index.php\/wp-json\/wp\/v2\/pages"}],"about":[{"href":"https:\/\/stagingvowel.online\/index.php\/wp-json\/wp\/v2\/types\/page"}],"author":[{"embeddable":true,"href":"https:\/\/stagingvowel.online\/index.php\/wp-json\/wp\/v2\/users\/1"}],"replies":[{"embeddable":true,"href":"https:\/\/stagingvowel.online\/index.php\/wp-json\/wp\/v2\/comments?post=3868"}],"version-history":[{"count":26,"href":"https:\/\/stagingvowel.online\/index.php\/wp-json\/wp\/v2\/pages\/3868\/revisions"}],"predecessor-version":[{"id":11098,"href":"https:\/\/stagingvowel.online\/index.php\/wp-json\/wp\/v2\/pages\/3868\/revisions\/11098"}],"wp:attachment":[{"href":"https:\/\/stagingvowel.online\/index.php\/wp-json\/wp\/v2\/media?parent=3868"}],"curies":[{"name":"wp","href":"https:\/\/api.w.org\/{rel}","templated":true}]}}