{"id":3870,"date":"2023-06-03T17:42:48","date_gmt":"2023-06-03T16:42:48","guid":{"rendered":"https:\/\/theiptvplus.com\/?page_id=3870"},"modified":"2024-03-16T19:42:14","modified_gmt":"2024-03-16T18:42:14","slug":"refund-policy","status":"publish","type":"page","link":"https:\/\/stagingvowel.online\/index.php\/refund-policy\/","title":{"rendered":"REFUND POLICY"},"content":{"rendered":"\t\t<div data-elementor-type=\"wp-page\" data-elementor-id=\"3870\" class=\"elementor elementor-3870\" data-elementor-settings=\"{&quot;ha_cmc_init_switcher&quot;:&quot;no&quot;}\">\n\t\t\t\t<div class=\"elementor-element elementor-element-a30f385 e-flex e-con-boxed e-con e-parent\" data-id=\"a30f385\" data-element_type=\"container\" data-settings=\"{&quot;background_background&quot;:&quot;classic&quot;,&quot;_ha_eqh_enable&quot;:false}\">\n\t\t\t\t\t<div class=\"e-con-inner\">\n\t\t<div class=\"elementor-element elementor-element-97b2418 e-flex e-con-boxed e-con e-child\" data-id=\"97b2418\" data-element_type=\"container\" data-settings=\"{&quot;_ha_eqh_enable&quot;:false}\">\n\t\t\t\t\t<div class=\"e-con-inner\">\n\t\t\t\t<div class=\"elementor-element elementor-element-cf52e52 elementor-widget elementor-widget-heading\" data-id=\"cf52e52\" data-element_type=\"widget\" data-widget_type=\"heading.default\">\n\t\t\t\t<div class=\"elementor-widget-container\">\n\t\t\t\t\t<h2 class=\"elementor-heading-title elementor-size-default\">IP TV ABONNEMENTS\n<\/h2>\t\t\t\t<\/div>\n\t\t\t\t<\/div>\n\t\t\t\t<div class=\"elementor-element elementor-element-5d13238 elementor-widget elementor-widget-heading\" data-id=\"5d13238\" data-element_type=\"widget\" data-widget_type=\"heading.default\">\n\t\t\t\t<div class=\"elementor-widget-container\">\n\t\t\t\t\t<h2 class=\"elementor-heading-title elementor-size-default\">POLITIQUE DE REMBOURSEMENT<\/h2>\t\t\t\t<\/div>\n\t\t\t\t<\/div>\n\t\t\t\t<div class=\"elementor-element elementor-element-bb9e7e2 elementor-widget elementor-widget-text-editor\" data-id=\"bb9e7e2\" data-element_type=\"widget\" data-widget_type=\"text-editor.default\">\n\t\t\t\t<div class=\"elementor-widget-container\">\n\t\t\t\t\t\t\t\t\t<p>Serveur Haute Performance<\/p>\t\t\t\t\t\t\t\t<\/div>\n\t\t\t\t<\/div>\n\t\t\t\t\t<\/div>\n\t\t\t\t<\/div>\n\t\t\t\t\t<\/div>\n\t\t\t\t<\/div>\n\t\t\t\t<section class=\"elementor-section elementor-top-section elementor-element elementor-element-65073ad8 elementor-section-boxed elementor-section-height-default elementor-section-height-default\" data-id=\"65073ad8\" data-element_type=\"section\" data-settings=\"{&quot;_ha_eqh_enable&quot;:false}\">\n\t\t\t\t\t\t<div class=\"elementor-container elementor-column-gap-default\">\n\t\t\t\t\t<div class=\"elementor-column elementor-col-100 elementor-top-column elementor-element elementor-element-6dd1ef95\" data-id=\"6dd1ef95\" data-element_type=\"column\">\n\t\t\t<div class=\"elementor-widget-wrap elementor-element-populated\">\n\t\t\t\t\t\t<div class=\"elementor-element elementor-element-336a87da elementor-widget elementor-widget-text-editor\" data-id=\"336a87da\" data-element_type=\"widget\" data-widget_type=\"text-editor.default\">\n\t\t\t\t<div class=\"elementor-widget-container\">\n\t\t\t\t\t\t\t\t\t<p>POLITIQUE DE REMBOURSEMENT<\/p>\n<p>Nous croyons en nos produits \u00e0 100%. Nous faisons de notre mieux chaque jour pour vous rendre heureux et vous faire sourire en utilisant notre service, mais nous comprenons que ce n&#8217;est pas facile pour tout le monde. Si vous n&#8217;\u00eates pas satisfait de votre achat ou si vous rencontrez un probl\u00e8me que nous ne pouvons pas r\u00e9soudre et qui rend le syst\u00e8me inutilisable, nous serons plus qu&#8217;heureux de vous rembourser.<\/p>\n<p>Comment faire une demande de remboursement?<\/p>\n<p>Veuillez noter l&#8217;identifiant de votre commande de transaction avec l&#8217;objet \u201c &#8220;Demande et remboursement&#8221; et d\u00e9crivez dans votre e-mail les probl\u00e8mes auxquels vous \u00eates confront\u00e9 et la raison de cette demande. Dans certaines raisons, vous devez nous envoyer des preuves et nous vous enverrons \u00e9galement des preuves de notre travail et des choses que nous remarquons et que nous devons vous montrer aussi pour mieux expliquer notre point de vue et notre d\u00e9cision de mani\u00e8re plus d\u00e9taill\u00e9e et plus transparente.<\/p>\n<p>Conditions G\u00e9n\u00e9rales:<\/p>\n<p>Veuillez comprendre et accepter que nous ne pouvons pas rembourser en raison de probl\u00e8mes techniques \u00e0 moins que vous ne nous autorisiez \u00e0 essayer de les r\u00e9soudre de mani\u00e8re ad\u00e9quate et \u00e0 vous aider. Si nous ne parvenons pas \u00e0 r\u00e9soudre votre probl\u00e8me dans les 48 heures, nous vous rembourserons. Veuillez contacter notre assistance en direct 24h \/ 24 et 7j \/ 7 \u00e0 tout moment si vous avez besoin d&#8217;un assistant.<\/p>\n<p>Les remboursements ne peuvent \u00eatre \u00e9mis que dans les 72 heures suivant la date d&#8217;achat. Apr\u00e8s 72 heures, aucun remboursement ne peut \u00eatre trait\u00e9.<br \/>Si vous avez pay\u00e9 par carte de cr\u00e9dit, les remboursements sont g\u00e9n\u00e9ralement trait\u00e9s et les fonds sont retourn\u00e9s sur la carte de d\u00e9bit sur le compte bancaire du client dans un d\u00e9lai de 20 \u00e0 31 jours ouvrables.<\/p>\n<p>Cependant, il existe des cas dans lesquels un remboursement prend plus de temps \u00e0 traiter peut aller jusqu&#8217;\u00e0 90 jours. Nous ne sommes pas responsables de ces d\u00e9lais et retards. Nous ne sommes pas le fournisseur de paiement, mais uniquement le fournisseur de services IPTV.<\/p>\n<p>Nous ne rembourserons int\u00e9gralement que les achats effectu\u00e9s en moins de 72 heures. Toutes les autres demandes de remboursement seront retourn\u00e9es partiellement en fonction de la p\u00e9riode utilis\u00e9e de l&#8217;abonnement. TVABONNEMENTS.fr l&#8217;\u00e9quipe d&#8217;assistance contactera les utilisateurs dans tous les cas de remboursement.<\/p>\n<p>Remarque: Chaque remboursement prend g\u00e9n\u00e9ralement 20 \u00e0 90 jours ouvrables et il n&#8217;est pas de notre ressort de r\u00e9duire ce d\u00e9lai. Nos processeurs de paiement prendront en charge les demandes de remboursement. Nous ferons de notre mieux pour rembourser les utilisateurs imm\u00e9diatement apr\u00e8s avoir vu la demande et v\u00e9rifi\u00e9 les informations de l&#8217;utilisateur.<\/p>\n<p>Nous n&#8217;enverrons pas de remboursement ou n&#8217;effectuerons pas de remboursement partiel si:<\/p>\n<p>L&#8217;utilisateur ne peut pas configurer sa propre bo\u00eete et son propre syst\u00e8me de son c\u00f4t\u00e9:<br \/>Nous fournirons notre meilleur support pour configurer leurs bo\u00eetiers, appareils, applications et syst\u00e8me dans tous les cas de demande d&#8217;assistance. La raison en est que nous ne connaissons pas les circonstances avec la bo\u00eete, les appareils et le syst\u00e8me, etc. notre support est limit\u00e9 aux \u00e9tapes pr\u00e9d\u00e9finies pour les configurations des appareils.<\/p>\n<p>Certains Canaux G\u00e8lent, Se Mettent En M\u00e9moire Tampon Ou Ne Fonctionnent Pas :<br \/>Bien que presque tous nos serveurs soient stables, parfois certains canaux se bloquent ou ne fonctionnent pas pour diverses raisons, mais ce n&#8217;est pas permanent. Nos ing\u00e9nieurs experts travaillent toujours pour les r\u00e9parer.<\/p>\n<p>La plupart du temps, ces probl\u00e8mes sont temporaires et caus\u00e9s par les raisons ci-dessous:<\/p>\n<p>Fluctuations de l&#8217;Internet des clients.<br \/>Probl\u00e8me avec la bo\u00eete \/ applications \/ configuration client en g\u00e9n\u00e9ral.<br \/>Votre FAI a un probl\u00e8me.<br \/>Le canal est en panne du c\u00f4t\u00e9 du serveur.<br \/>Le client a chang\u00e9 d&#8217;avis et souhaitait se retirer\/basculer entre les serveurs.<\/p>\n<p>Dans le cas o\u00f9 l&#8217;utilisateur \/ client ne peut pas regarder le plan d&#8217;abonnement IPTV pendant 48 heures+ en raison d&#8217;un probl\u00e8me de serveur ou de tout autre probl\u00e8me caus\u00e9 par NOUS, nous rembourserons int\u00e9gralement le prix du forfait ou ajouterons gratuitement tout le temps perdu \u00e0 votre abonnement + un bonus suppl\u00e9mentaire que nous pouvons n\u00e9gocier ensemble.<\/p>\n<p>Contactez-nous<\/p>\n<p>Si vous avez des questions sur notre politique de remboursement, veuillez nous contacter:<\/p>\n<p>CONTACT@TVABONNEMENTS.fr<\/p>\t\t\t\t\t\t\t\t<\/div>\n\t\t\t\t<\/div>\n\t\t\t\t\t<\/div>\n\t\t<\/div>\n\t\t\t\t\t<\/div>\n\t\t<\/section>\n\t\t<div class=\"elementor-element elementor-element-2b64f9e e-flex e-con-boxed e-con e-parent\" data-id=\"2b64f9e\" data-element_type=\"container\" data-settings=\"{&quot;background_background&quot;:&quot;classic&quot;,&quot;_ha_eqh_enable&quot;:false}\">\n\t\t\t\t\t<div class=\"e-con-inner\">\n\t\t<div class=\"elementor-element elementor-element-ea48516 e-flex e-con-boxed e-con e-child\" data-id=\"ea48516\" data-element_type=\"container\" data-settings=\"{&quot;background_background&quot;:&quot;gradient&quot;,&quot;_ha_eqh_enable&quot;:false}\">\n\t\t\t\t\t<div class=\"e-con-inner\">\n\t\t<div class=\"elementor-element elementor-element-61ecf34 e-con-full e-flex e-con e-child\" data-id=\"61ecf34\" data-element_type=\"container\" data-settings=\"{&quot;_ha_eqh_enable&quot;:false}\">\n\t\t\t\t<div class=\"elementor-element elementor-element-51d1a9b elementor-widget elementor-widget-heading\" data-id=\"51d1a9b\" data-element_type=\"widget\" data-widget_type=\"heading.default\">\n\t\t\t\t<div class=\"elementor-widget-container\">\n\t\t\t\t\t<h2 class=\"elementor-heading-title elementor-size-default\">Infolettre<\/h2>\t\t\t\t<\/div>\n\t\t\t\t<\/div>\n\t\t\t\t<div class=\"elementor-element elementor-element-bc7ebd1 elementor-widget elementor-widget-text-editor\" data-id=\"bc7ebd1\" data-element_type=\"widget\" data-widget_type=\"text-editor.default\">\n\t\t\t\t<div class=\"elementor-widget-container\">\n\t\t\t\t\t\t\t\t\t<p>Inscrivez-vous \u00e0 notre newsletter pour obtenir des informations \u00e0 jour, des nouvelles, des informations ou des promotions.<\/p>\t\t\t\t\t\t\t\t<\/div>\n\t\t\t\t<\/div>\n\t\t\t\t<\/div>\n\t\t<div class=\"elementor-element elementor-element-732f516 e-con-full e-flex e-con e-child\" data-id=\"732f516\" data-element_type=\"container\" data-settings=\"{&quot;_ha_eqh_enable&quot;:false}\">\n\t\t\t\t<div class=\"elementor-element elementor-element-4150d55 elementor-widget elementor-widget-wpforms\" data-id=\"4150d55\" data-element_type=\"widget\" data-widget_type=\"wpforms.default\">\n\t\t\t\t<div class=\"elementor-widget-container\">\n\t\t\t\t\t<div class=\"wpforms-container wpforms-render-modern\" id=\"wpforms-4811\"><form id=\"wpforms-form-4811\" class=\"wpforms-validate wpforms-form wpforms-ajax-form\" data-formid=\"4811\" method=\"post\" enctype=\"multipart\/form-data\" action=\"\/index.php\/wp-json\/wp\/v2\/pages\/3870\" data-token=\"7f19ee410308a66e4f4ef604cc608a47\" data-token-time=\"1776759786\"><noscript class=\"wpforms-error-noscript\">Please enable JavaScript in your browser to complete this form.<\/noscript><div id=\"wpforms-error-noscript\" style=\"display: none;\">Please enable JavaScript in your browser to complete this form.<\/div><div class=\"wpforms-field-container\"><div id=\"wpforms-4811-field_1-container\" class=\"wpforms-field wpforms-field-email\" data-field-id=\"1\"><label class=\"wpforms-field-label wpforms-label-hide\" for=\"wpforms-4811-field_1\" aria-hidden=\"false\">Email<\/label><input type=\"email\" id=\"wpforms-4811-field_1\" class=\"wpforms-field-large\" name=\"wpforms[fields][1]\" placeholder=\"Email\" spellcheck=\"false\" aria-errormessage=\"wpforms-4811-field_1-error\" ><\/div><\/div><!-- .wpforms-field-container --><div class=\"wpforms-submit-container\" ><input type=\"hidden\" name=\"wpforms[id]\" value=\"4811\"><input type=\"hidden\" name=\"page_title\" value=\"\"><input type=\"hidden\" name=\"page_url\" value=\"https:\/\/stagingvowel.online\/index.php\/wp-json\/wp\/v2\/pages\/3870\"><input type=\"hidden\" name=\"url_referer\" value=\"\"><button type=\"submit\" name=\"wpforms[submit]\" id=\"wpforms-submit-4811\" class=\"wpforms-submit\" data-alt-text=\"Sending\u2026\" data-submit-text=\" Sign Up\" aria-live=\"assertive\" value=\"wpforms-submit\"> Sign Up<\/button><img decoding=\"async\" src=\"https:\/\/stagingvowel.online\/wp-content\/plugins\/wpforms-lite\/assets\/images\/submit-spin.svg\" class=\"wpforms-submit-spinner\" style=\"display: none;\" width=\"26\" height=\"26\" alt=\"Loading\"><\/div><\/form><\/div>  <!-- .wpforms-container -->\t\t\t\t<\/div>\n\t\t\t\t<\/div>\n\t\t\t\t<\/div>\n\t\t\t\t\t<\/div>\n\t\t\t\t<\/div>\n\t\t\t\t\t<\/div>\n\t\t\t\t<\/div>\n\t\t\t\t<\/div>\n\t\t","protected":false},"excerpt":{"rendered":"<p>IP TV ABONNEMENTS POLITIQUE DE REMBOURSEMENT Serveur Haute Performance POLITIQUE DE REMBOURSEMENT Nous croyons en nos produits \u00e0 100%. Nous faisons de notre mieux chaque jour pour vous rendre heureux et vous faire sourire en utilisant notre service, mais nous comprenons que ce n&#8217;est pas facile pour tout le monde. Si vous n&#8217;\u00eates pas satisfait [&hellip;]<\/p>\n","protected":false},"author":1,"featured_media":0,"parent":0,"menu_order":0,"comment_status":"closed","ping_status":"closed","template":"elementor_header_footer","meta":{"_surecart_dashboard_logo_width":"180px","_surecart_dashboard_show_logo":true,"_surecart_dashboard_navigation_orders":true,"_surecart_dashboard_navigation_invoices":true,"_surecart_dashboard_navigation_subscriptions":true,"_surecart_dashboard_navigation_downloads":true,"_surecart_dashboard_navigation_billing":true,"_surecart_dashboard_navigation_account":true,"footnotes":""},"class_list":["post-3870","page","type-page","status-publish","hentry"],"blocksy_meta":[],"_links":{"self":[{"href":"https:\/\/stagingvowel.online\/index.php\/wp-json\/wp\/v2\/pages\/3870","targetHints":{"allow":["GET"]}}],"collection":[{"href":"https:\/\/stagingvowel.online\/index.php\/wp-json\/wp\/v2\/pages"}],"about":[{"href":"https:\/\/stagingvowel.online\/index.php\/wp-json\/wp\/v2\/types\/page"}],"author":[{"embeddable":true,"href":"https:\/\/stagingvowel.online\/index.php\/wp-json\/wp\/v2\/users\/1"}],"replies":[{"embeddable":true,"href":"https:\/\/stagingvowel.online\/index.php\/wp-json\/wp\/v2\/comments?post=3870"}],"version-history":[{"count":31,"href":"https:\/\/stagingvowel.online\/index.php\/wp-json\/wp\/v2\/pages\/3870\/revisions"}],"predecessor-version":[{"id":11101,"href":"https:\/\/stagingvowel.online\/index.php\/wp-json\/wp\/v2\/pages\/3870\/revisions\/11101"}],"wp:attachment":[{"href":"https:\/\/stagingvowel.online\/index.php\/wp-json\/wp\/v2\/media?parent=3870"}],"curies":[{"name":"wp","href":"https:\/\/api.w.org\/{rel}","templated":true}]}}