{"id":3872,"date":"2023-06-03T17:46:00","date_gmt":"2023-06-03T16:46:00","guid":{"rendered":"https:\/\/theiptvplus.com\/?page_id=3872"},"modified":"2024-03-16T19:43:34","modified_gmt":"2024-03-16T18:43:34","slug":"privacy-policy-2","status":"publish","type":"page","link":"https:\/\/stagingvowel.online\/index.php\/privacy-policy-2\/","title":{"rendered":"PRIVACY POLICY"},"content":{"rendered":"\t\t<div data-elementor-type=\"wp-page\" data-elementor-id=\"3872\" class=\"elementor elementor-3872\" data-elementor-settings=\"{&quot;ha_cmc_init_switcher&quot;:&quot;no&quot;}\">\n\t\t\t\t<div class=\"elementor-element elementor-element-c9be187 e-flex e-con-boxed e-con e-parent\" data-id=\"c9be187\" data-element_type=\"container\" data-settings=\"{&quot;background_background&quot;:&quot;classic&quot;,&quot;_ha_eqh_enable&quot;:false}\">\n\t\t\t\t\t<div class=\"e-con-inner\">\n\t\t<div class=\"elementor-element elementor-element-8b49c1f e-flex e-con-boxed e-con e-child\" data-id=\"8b49c1f\" data-element_type=\"container\" data-settings=\"{&quot;_ha_eqh_enable&quot;:false}\">\n\t\t\t\t\t<div class=\"e-con-inner\">\n\t\t\t\t<div class=\"elementor-element elementor-element-38fb894 elementor-widget elementor-widget-heading\" data-id=\"38fb894\" data-element_type=\"widget\" data-widget_type=\"heading.default\">\n\t\t\t\t<div class=\"elementor-widget-container\">\n\t\t\t\t\t<h2 class=\"elementor-heading-title elementor-size-default\">IP TV ABONNEMENTS\n<\/h2>\t\t\t\t<\/div>\n\t\t\t\t<\/div>\n\t\t\t\t<div class=\"elementor-element elementor-element-26e36d7 elementor-widget elementor-widget-heading\" data-id=\"26e36d7\" data-element_type=\"widget\" data-widget_type=\"heading.default\">\n\t\t\t\t<div class=\"elementor-widget-container\">\n\t\t\t\t\t<h2 class=\"elementor-heading-title elementor-size-default\">PRIVACY POLICY<\/h2>\t\t\t\t<\/div>\n\t\t\t\t<\/div>\n\t\t\t\t<div class=\"elementor-element elementor-element-d477b1a elementor-widget elementor-widget-text-editor\" data-id=\"d477b1a\" data-element_type=\"widget\" data-widget_type=\"text-editor.default\">\n\t\t\t\t<div class=\"elementor-widget-container\">\n\t\t\t\t\t\t\t\t\t<p>Serveur Haute Performance<\/p>\t\t\t\t\t\t\t\t<\/div>\n\t\t\t\t<\/div>\n\t\t\t\t\t<\/div>\n\t\t\t\t<\/div>\n\t\t\t\t\t<\/div>\n\t\t\t\t<\/div>\n\t\t\t\t<section class=\"elementor-section elementor-top-section elementor-element elementor-element-3fbb4ee4 elementor-section-boxed elementor-section-height-default elementor-section-height-default\" data-id=\"3fbb4ee4\" data-element_type=\"section\" data-settings=\"{&quot;_ha_eqh_enable&quot;:false}\">\n\t\t\t\t\t\t<div class=\"elementor-container elementor-column-gap-default\">\n\t\t\t\t\t<div class=\"elementor-column elementor-col-100 elementor-top-column elementor-element elementor-element-303d05e0\" data-id=\"303d05e0\" data-element_type=\"column\">\n\t\t\t<div class=\"elementor-widget-wrap elementor-element-populated\">\n\t\t\t\t\t\t<div class=\"elementor-element elementor-element-39357537 elementor-widget elementor-widget-text-editor\" data-id=\"39357537\" data-element_type=\"widget\" data-widget_type=\"text-editor.default\">\n\t\t\t\t<div class=\"elementor-widget-container\">\n\t\t\t\t\t\t\t\t\t<p>POLITIQUE DE CONFIDENTIALIT\u00c9<\/p><p>Ce document de politique de confidentialit\u00e9 contient des types d&#8217;informations collect\u00e9es et enregistr\u00e9es par TVABONNEMENTS.fr Magasin et comment nous l&#8217;utilisons.<\/p><p>Si vous avez des questions suppl\u00e9mentaires ou souhaitez plus d&#8217;informations sur notre politique de confidentialit\u00e9, n&#8217;h\u00e9sitez pas \u00e0 nous contacter.<\/p><p>Cette Politique de confidentialit\u00e9 s&#8217;applique uniquement \u00e0 nos activit\u00e9s en ligne et est valable pour les visiteurs de notre site Web en ce qui concerne les informations qu&#8217;ils ont partag\u00e9es et \/ ou collect\u00e9es dans TVABONNEMENTS.fr. Cette politique ne s&#8217;applique \u00e0 aucune information collect\u00e9e hors ligne ou via des canaux autres que ce site Web.<\/p><p>Consentement<\/p><p>En utilisant notre site Web, vous consentez par la pr\u00e9sente \u00e0 notre Politique de confidentialit\u00e9 et acceptez ses conditions. Pour conna\u00eetre nos Conditions g\u00e9n\u00e9rales, veuillez visiter la page Conditions g\u00e9n\u00e9rales.<\/p><p>Informations que nous recueillons<\/p><p>Les informations personnelles que vous \u00eates invit\u00e9 \u00e0 fournir, et les raisons pour lesquelles vous \u00eates invit\u00e9 \u00e0 les fournir, vous seront clairement indiqu\u00e9es au moment o\u00f9 nous vous demanderons de fournir vos informations personnelles.<\/p><p>Si vous nous contactez directement, nous pouvons recevoir des informations suppl\u00e9mentaires \u00e0 votre sujet telles que votre nom, votre adresse e-mail, votre num\u00e9ro de t\u00e9l\u00e9phone, le contenu du message et \/ ou des pi\u00e8ces jointes que vous pouvez nous envoyer, et toute autre information que vous pouvez choisir de fournir<\/p><p>Comment nous utilisons vos informations<br \/>Nous utilisons les informations que nous collectons de diff\u00e9rentes mani\u00e8res, notamment pour:<\/p><p>Fournir, exploiter et maintenir notre site Web<br \/>Am\u00e9liorer, personnaliser et d\u00e9velopper notre site Web<br \/>Comprendre et analyser comment vous utilisez notre site Web<br \/>D\u00e9velopper de nouveaux produits, services, fonctionnalit\u00e9s et fonctionnalit\u00e9s<br \/>Communiquer avec vous, directement ou par l&#8217;interm\u00e9diaire de l&#8217;un de nos partenaires, y compris pour le service client, pour vous fournir des mises \u00e0 jour et d&#8217;autres informations relatives au site Web, et \u00e0 des fins de marketing et de promotion<br \/>Vous envoyer des courriels<br \/>D\u00e9tecter et pr\u00e9venir la fraude<\/p><p>Fichiers Journaux<\/p><p>TVABONNEMENTS.fr suit une proc\u00e9dure standard d&#8217;utilisation des fichiers journaux. Ces fichiers enregistrent les visiteurs lorsqu&#8217;ils visitent des sites Web. Toutes les soci\u00e9t\u00e9s d&#8217;h\u00e9bergement le font et une partie des analyses des services d&#8217;h\u00e9bergement. Les informations collect\u00e9es par les fichiers journaux incluent les adresses de protocole Internet( IP), le type de navigateur, le fournisseur d&#8217;acc\u00e8s Internet (FAI), la date et l&#8217;heure, les pages de renvoi\/sortie et \u00e9ventuellement le nombre de clics. Ceux-ci ne sont li\u00e9s \u00e0 aucune information personnellement identifiable. Le but de l&#8217;information est d&#8217;analyser les tendances, d&#8217;administrer le site, de suivre les mouvements des utilisateurs sur le site Web et de recueillir des informations d\u00e9mographiques.<\/p><p>Cookies et Balises Web<\/p><p>Comme tout autre site Web, TVABONNEMENTS.fr utilise des &#8220;cookies&#8221;. Ces cookies sont utilis\u00e9s pour stocker des informations, y compris les pr\u00e9f\u00e9rences des visiteurs et les pages du site Web auxquelles le visiteur a acc\u00e9d\u00e9 ou visit\u00e9. Les informations sont utilis\u00e9es pour optimiser l&#8217;exp\u00e9rience des utilisateurs en personnalisant le contenu de notre page Web en fonction du type de navigateur des visiteurs et \/ ou d&#8217;autres informations.<\/p><p>Pour des informations plus g\u00e9n\u00e9rales sur les cookies, veuillez lire \u201cQue sont les cookies\u201d.<\/p><p>Politiques de Confidentialit\u00e9 des Partenaires Publicitaires<\/p><p>Vous pouvez consulter cette liste pour trouver la Politique de confidentialit\u00e9 de chacun des partenaires publicitaires de TVABONNEMENTS.fr.<\/p><p>Les serveurs publicitaires ou r\u00e9seaux publicitaires tiers utilisent des technologies telles que les cookies, JavaScript ou les balises Web qui sont utilis\u00e9es dans leurs publicit\u00e9s respectives et les liens qui apparaissent sur TVABONNEMENTS.fr, qui sont envoy\u00e9s directement au navigateur des utilisateurs. Ils re\u00e7oivent automatiquement votre adresse IP lorsque cela se produit. Ces technologies sont utilis\u00e9es pour mesurer l&#8217;efficacit\u00e9 de leurs campagnes publicitaires et\/ou pour personnaliser le contenu publicitaire que vous voyez sur les sites Web que vous visitez.<\/p><p>Notez que TVABONNEMENTS.fr n&#8217;a aucun acc\u00e8s ni contr\u00f4le sur ces cookies qui sont utilis\u00e9s par des annonceurs tiers.<\/p><p>Politiques De Confidentialit\u00e9 Des Tiers<\/p><p>TVABONNEMENTS.fr La politique de confidentialit\u00e9 ne s&#8217;applique pas aux autres annonceurs ou sites Web. Ainsi, nous vous conseillons de consulter les politiques de confidentialit\u00e9 respectives de ces serveurs publicitaires tiers pour des informations plus d\u00e9taill\u00e9es. Cela peut inclure leurs pratiques et instructions sur la fa\u00e7on de se d\u00e9sinscrire de certaines options.<\/p><p>Vous pouvez choisir de d\u00e9sactiver les cookies via les options de votre navigateur individuel. Pour conna\u00eetre des informations plus d\u00e9taill\u00e9es sur la gestion des cookies avec des navigateurs Web sp\u00e9cifiques, vous pouvez les trouver sur les sites Web respectifs des navigateurs.<\/p><p>Droits \u00c0 La Vie Priv\u00e9e De L&#8217;ACCP (Ne Vendez Pas Mes Informations Personnelles)<\/p><p>En vertu de la CCPA, entre autres droits, les consommateurs californiens ont le droit de:<\/p><p>Demander \u00e0 une entreprise qui collecte les donn\u00e9es personnelles d&#8217;un consommateur de divulguer les cat\u00e9gories et les \u00e9l\u00e9ments sp\u00e9cifiques de donn\u00e9es personnelles qu&#8217;une entreprise a collect\u00e9s sur les consommateurs.<\/p><p>Demander \u00e0 une entreprise de supprimer toutes les donn\u00e9es personnelles sur le consommateur qu&#8217;une entreprise a collect\u00e9es.<\/p><p>Demander \u00e0 une entreprise qui vend les donn\u00e9es personnelles d&#8217;un consommateur de ne pas vendre les donn\u00e9es personnelles du consommateur.<\/p><p>Si vous faites une demande, nous avons un mois pour vous r\u00e9pondre. Si vous souhaitez exercer l&#8217;un de ces droits, veuillez nous contacter.<\/p><p>Droits de Protection des Donn\u00e9es GDPR<\/p><p>Nous souhaitons nous assurer que vous \u00eates pleinement conscient de tous vos droits en mati\u00e8re de protection des donn\u00e9es. Chaque utilisateur a droit \u00e0 ce qui suit:<\/p><p>Le droit d&#8217;acc\u00e8s \u2013 Vous avez le droit de demander des copies de vos donn\u00e9es personnelles. Nous pouvons vous facturer des frais minimes pour ce service.<\/p><p>Le droit de rectification \u2013 Vous avez le droit de nous demander de corriger toute information que vous jugez inexacte. Vous avez \u00e9galement le droit de nous demander de compl\u00e9ter les informations que vous jugez incompl\u00e8tes.<\/p><p>Le droit \u00e0 l&#8217;effacement \u2013 Vous avez le droit de demander que nous effacions vos donn\u00e9es personnelles, sous certaines conditions.<\/p><p>Le droit de restreindre le traitement \u2013 Vous avez le droit de demander que nous limitions le traitement de vos donn\u00e9es personnelles, sous certaines conditions.<\/p><p>Le droit de s&#8217;opposer au traitement \u2013 Vous avez le droit de vous opposer \u00e0 notre traitement de vos donn\u00e9es personnelles, sous certaines conditions.<\/p><p>Le droit \u00e0 la portabilit\u00e9 des donn\u00e9es \u2013 Vous avez le droit de demander que nous transf\u00e9rions les donn\u00e9es que nous avons collect\u00e9es \u00e0 une autre organisation, ou directement \u00e0 vous, sous certaines conditions.<\/p><p>Si vous faites une demande, nous avons un mois pour vous r\u00e9pondre. Si vous souhaitez exercer l&#8217;un de ces droits, veuillez nous contacter.<\/p><p>Informations sur les Enfants<\/p><p>Une autre partie de notre priorit\u00e9 est d&#8217;ajouter une protection pour les enfants lors de l&#8217;utilisation d&#8217;Internet. Nous encourageons les parents et tuteurs \u00e0 observer, participer et\/ou surveiller et guider leur activit\u00e9 en ligne.<\/p><p>TVABONNEMENTS.fr ne recueille sciemment aucune information personnelle identifiable aupr\u00e8s d&#8217;enfants de moins de 18 ans. Si vous pensez que votre enfant a fourni ce type d&#8217;informations sur notre site Web, nous vous encourageons vivement \u00e0 nous contacter imm\u00e9diatement et nous ferons de notre mieux pour supprimer rapidement ces informations de nos dossiers.<\/p>\t\t\t\t\t\t\t\t<\/div>\n\t\t\t\t<\/div>\n\t\t\t\t\t<\/div>\n\t\t<\/div>\n\t\t\t\t\t<\/div>\n\t\t<\/section>\n\t\t<div class=\"elementor-element elementor-element-29e98e0 e-flex e-con-boxed e-con e-parent\" data-id=\"29e98e0\" data-element_type=\"container\" data-settings=\"{&quot;background_background&quot;:&quot;classic&quot;,&quot;_ha_eqh_enable&quot;:false}\">\n\t\t\t\t\t<div class=\"e-con-inner\">\n\t\t<div class=\"elementor-element elementor-element-1ad103a e-flex e-con-boxed e-con e-child\" data-id=\"1ad103a\" data-element_type=\"container\" data-settings=\"{&quot;background_background&quot;:&quot;gradient&quot;,&quot;_ha_eqh_enable&quot;:false}\">\n\t\t\t\t\t<div class=\"e-con-inner\">\n\t\t<div class=\"elementor-element elementor-element-422a5ee e-con-full e-flex e-con e-child\" data-id=\"422a5ee\" data-element_type=\"container\" data-settings=\"{&quot;_ha_eqh_enable&quot;:false}\">\n\t\t\t\t<div class=\"elementor-element elementor-element-9b339f8 elementor-widget elementor-widget-heading\" data-id=\"9b339f8\" data-element_type=\"widget\" data-widget_type=\"heading.default\">\n\t\t\t\t<div class=\"elementor-widget-container\">\n\t\t\t\t\t<h2 class=\"elementor-heading-title elementor-size-default\">Infolettre<\/h2>\t\t\t\t<\/div>\n\t\t\t\t<\/div>\n\t\t\t\t<div class=\"elementor-element elementor-element-0f0f49a elementor-widget elementor-widget-text-editor\" data-id=\"0f0f49a\" data-element_type=\"widget\" data-widget_type=\"text-editor.default\">\n\t\t\t\t<div class=\"elementor-widget-container\">\n\t\t\t\t\t\t\t\t\t<p>Inscrivez-vous \u00e0 notre newsletter pour obtenir des informations \u00e0 jour, des nouvelles, des informations ou des promotions.<\/p>\t\t\t\t\t\t\t\t<\/div>\n\t\t\t\t<\/div>\n\t\t\t\t<\/div>\n\t\t<div class=\"elementor-element elementor-element-b2abb24 e-con-full e-flex e-con e-child\" data-id=\"b2abb24\" data-element_type=\"container\" data-settings=\"{&quot;_ha_eqh_enable&quot;:false}\">\n\t\t\t\t<div class=\"elementor-element elementor-element-e5bb5eb elementor-widget elementor-widget-wpforms\" data-id=\"e5bb5eb\" data-element_type=\"widget\" data-widget_type=\"wpforms.default\">\n\t\t\t\t<div class=\"elementor-widget-container\">\n\t\t\t\t\t<div class=\"wpforms-container wpforms-render-modern\" id=\"wpforms-4811\"><form id=\"wpforms-form-4811\" class=\"wpforms-validate wpforms-form wpforms-ajax-form\" data-formid=\"4811\" method=\"post\" enctype=\"multipart\/form-data\" action=\"\/index.php\/wp-json\/wp\/v2\/pages\/3872\" data-token=\"34c1a697a55aba279a486a85e7c9dcf4\" data-token-time=\"1776438065\"><noscript class=\"wpforms-error-noscript\">Please enable JavaScript in your browser to complete this form.<\/noscript><div id=\"wpforms-error-noscript\" style=\"display: none;\">Please enable JavaScript in your browser to complete this form.<\/div><div class=\"wpforms-field-container\"><div id=\"wpforms-4811-field_1-container\" class=\"wpforms-field wpforms-field-email\" data-field-id=\"1\"><label class=\"wpforms-field-label wpforms-label-hide\" for=\"wpforms-4811-field_1\" aria-hidden=\"false\">Email<\/label><input type=\"email\" id=\"wpforms-4811-field_1\" class=\"wpforms-field-large\" name=\"wpforms[fields][1]\" placeholder=\"Email\" spellcheck=\"false\" aria-errormessage=\"wpforms-4811-field_1-error\" ><\/div><\/div><!-- .wpforms-field-container --><div class=\"wpforms-submit-container\" ><input type=\"hidden\" name=\"wpforms[id]\" value=\"4811\"><input type=\"hidden\" name=\"page_title\" value=\"\"><input type=\"hidden\" name=\"page_url\" value=\"https:\/\/stagingvowel.online\/index.php\/wp-json\/wp\/v2\/pages\/3872\"><input type=\"hidden\" name=\"url_referer\" value=\"\"><button type=\"submit\" name=\"wpforms[submit]\" id=\"wpforms-submit-4811\" class=\"wpforms-submit\" data-alt-text=\"Sending\u2026\" data-submit-text=\" Sign Up\" aria-live=\"assertive\" value=\"wpforms-submit\"> Sign Up<\/button><img decoding=\"async\" src=\"https:\/\/stagingvowel.online\/wp-content\/plugins\/wpforms-lite\/assets\/images\/submit-spin.svg\" class=\"wpforms-submit-spinner\" style=\"display: none;\" width=\"26\" height=\"26\" alt=\"Loading\"><\/div><\/form><\/div>  <!-- .wpforms-container -->\t\t\t\t<\/div>\n\t\t\t\t<\/div>\n\t\t\t\t<\/div>\n\t\t\t\t\t<\/div>\n\t\t\t\t<\/div>\n\t\t\t\t\t<\/div>\n\t\t\t\t<\/div>\n\t\t\t\t<\/div>\n\t\t","protected":false},"excerpt":{"rendered":"<p>IP TV ABONNEMENTS PRIVACY POLICY Serveur Haute Performance POLITIQUE DE CONFIDENTIALIT\u00c9 Ce document de politique de confidentialit\u00e9 contient des types d&#8217;informations collect\u00e9es et enregistr\u00e9es par TVABONNEMENTS.fr Magasin et comment nous l&#8217;utilisons. Si vous avez des questions suppl\u00e9mentaires ou souhaitez plus d&#8217;informations sur notre politique de confidentialit\u00e9, n&#8217;h\u00e9sitez pas \u00e0 nous contacter. Cette Politique de confidentialit\u00e9 [&hellip;]<\/p>\n","protected":false},"author":1,"featured_media":0,"parent":0,"menu_order":0,"comment_status":"closed","ping_status":"closed","template":"elementor_header_footer","meta":{"_surecart_dashboard_logo_width":"180px","_surecart_dashboard_show_logo":true,"_surecart_dashboard_navigation_orders":true,"_surecart_dashboard_navigation_invoices":true,"_surecart_dashboard_navigation_subscriptions":true,"_surecart_dashboard_navigation_downloads":true,"_surecart_dashboard_navigation_billing":true,"_surecart_dashboard_navigation_account":true,"footnotes":""},"class_list":["post-3872","page","type-page","status-publish","hentry"],"blocksy_meta":[],"_links":{"self":[{"href":"https:\/\/stagingvowel.online\/index.php\/wp-json\/wp\/v2\/pages\/3872","targetHints":{"allow":["GET"]}}],"collection":[{"href":"https:\/\/stagingvowel.online\/index.php\/wp-json\/wp\/v2\/pages"}],"about":[{"href":"https:\/\/stagingvowel.online\/index.php\/wp-json\/wp\/v2\/types\/page"}],"author":[{"embeddable":true,"href":"https:\/\/stagingvowel.online\/index.php\/wp-json\/wp\/v2\/users\/1"}],"replies":[{"embeddable":true,"href":"https:\/\/stagingvowel.online\/index.php\/wp-json\/wp\/v2\/comments?post=3872"}],"version-history":[{"count":30,"href":"https:\/\/stagingvowel.online\/index.php\/wp-json\/wp\/v2\/pages\/3872\/revisions"}],"predecessor-version":[{"id":11102,"href":"https:\/\/stagingvowel.online\/index.php\/wp-json\/wp\/v2\/pages\/3872\/revisions\/11102"}],"wp:attachment":[{"href":"https:\/\/stagingvowel.online\/index.php\/wp-json\/wp\/v2\/media?parent=3872"}],"curies":[{"name":"wp","href":"https:\/\/api.w.org\/{rel}","templated":true}]}}